{"id":2363,"date":"2023-05-14T21:28:32","date_gmt":"2023-05-14T19:28:32","guid":{"rendered":"https:\/\/www.domenigsteinhaus.at\/the-steinhaus\/profile\/tina-perisutti\/"},"modified":"2024-02-16T11:10:12","modified_gmt":"2024-02-16T10:10:12","slug":"tina-perisutti","status":"publish","type":"page","link":"https:\/\/www.domenigsteinhaus.at\/en\/the-steinhaus\/profile\/tina-perisutti\/","title":{"rendered":"Tina Perisutti"},"content":{"rendered":"\r\n<h1>\r\n\t\tTina Perisutti\r\n\t<\/h1>\r\n\t<p><a href=\"mailto:perisutti@domenigsteinhaus.at\">perisutti@domenigsteinhaus.at<\/a><\/p>\r\n\t<p>Studium der Philosophie &amp; Gruppendynamik sowie der Angewandten Kulturwissenschaft an der Alpen-Adria-Universit\u00e4t Klagenfurt, Auslandsstipendium: Uni Roma Tre Tor Vergata<\/p>\r\n<p>Mitglied\/eine von zwei Obfrauen der Kunst- und Theoriegruppe Philosophische Versuchsreihen<\/p>\r\n<p>Erfahrung in der Kulturarbeit:<\/p>\r\n<p>Projektassistentin beim Universit\u00e4tskulturzentrum UNIKUM<\/p>\r\n<p>Projektleitung, \u00d6ffentlichkeitsarbeit, Dramaturgie, Grafik beim klagenfurter ensemble<\/p>\r\n<p>Projektleitung und Kuratierung beim Carinthischen Sommer<\/p>\r\n<p>Jurorin u.a. beim Monobene-Festival, Preis der Theater-Allianz<\/p>\r\n<p>aktuell t\u00e4tig als:<\/p>\r\n<p>Kulturjournalistin v.a. Kronen Zeitung, Landeskulturzeitung Br\u00fccke und Kulturleiterin der Stra\u00dfenzeitung &#8220;K\u00e4rntner Allgemeine Zeitung&#8221; kaz.<\/p>\r\n<p>Lehrbeauftragte an der Alpen-Adria-Universit\u00e4t<\/p>\r\n<p>Coaching bei diversen Kulturprojekten, Moderation, K\u00fcnstler:innengespr\u00e4che<\/p>\r\n<p>Kuratorin f\u00fcr Kultur im DOMENIG STEINHAUS, Konzeption und Umsetzung der Performance-Reihe \u201eUnder de-Construction&#8221;<\/p>\r\n<p>&nbsp;<\/p>\r\n<p>&nbsp;<\/p>\r\n<p>&nbsp;<\/p>\r\n<p>&nbsp;<\/p>\r\n<p>&nbsp;<\/p>\r\n\r\n","protected":false},"excerpt":{"rendered":"<p>Tina Perisutti perisutti@domenigsteinhaus.at Studium der Philosophie &amp; Gruppendynamik sowie der Angewandten Kulturwissenschaft an der Alpen-Adria-Universit\u00e4t Klagenfurt, Auslandsstipendium: Uni Roma Tre Tor Vergata Mitglied\/eine von zwei Obfrauen der Kunst- und Theoriegruppe [&hellip;]<\/p>\n","protected":false},"author":1,"featured_media":0,"parent":2313,"menu_order":0,"comment_status":"closed","ping_status":"closed","template":"","meta":{"site-sidebar-layout":"no-sidebar","site-content-layout":"page-builder","ast-site-content-layout":"default","site-content-style":"default","site-sidebar-style":"default","ast-global-header-display":"","ast-banner-title-visibility":"","ast-main-header-display":"","ast-hfb-above-header-display":"","ast-hfb-below-header-display":"","ast-hfb-mobile-header-display":"","site-post-title":"disabled","ast-breadcrumbs-content":"","ast-featured-img":"disabled","footer-sml-layout":"","ast-disable-related-posts":"","theme-transparent-header-meta":"default","adv-header-id-meta":"187","stick-header-meta":"default","header-above-stick-meta":"","header-main-stick-meta":"","header-below-stick-meta":"","astra-migrate-meta-layouts":"default","ast-page-background-enabled":"default","ast-page-background-meta":{"desktop":{"background-color":"","background-image":"","background-repeat":"repeat","background-position":"center center","background-size":"auto","background-attachment":"scroll","background-type":"","background-media":"","overlay-type":"","overlay-color":"","overlay-opacity":"","overlay-gradient":""},"tablet":{"background-color":"","background-image":"","background-repeat":"repeat","background-position":"center center","background-size":"auto","background-attachment":"scroll","background-type":"","background-media":"","overlay-type":"","overlay-color":"","overlay-opacity":"","overlay-gradient":""},"mobile":{"background-color":"","background-image":"","background-repeat":"repeat","background-position":"center center","background-size":"auto","background-attachment":"scroll","background-type":"","background-media":"","overlay-type":"","overlay-color":"","overlay-opacity":"","overlay-gradient":""}},"ast-content-background-meta":{"desktop":{"background-color":"var(--ast-global-color-5)","background-image":"","background-repeat":"repeat","background-position":"center center","background-size":"auto","background-attachment":"scroll","background-type":"","background-media":"","overlay-type":"","overlay-color":"","overlay-opacity":"","overlay-gradient":""},"tablet":{"background-color":"var(--ast-global-color-5)","background-image":"","background-repeat":"repeat","background-position":"center center","background-size":"auto","background-attachment":"scroll","background-type":"","background-media":"","overlay-type":"","overlay-color":"","overlay-opacity":"","overlay-gradient":""},"mobile":{"background-color":"var(--ast-global-color-5)","background-image":"","background-repeat":"repeat","background-position":"center center","background-size":"auto","background-attachment":"scroll","background-type":"","background-media":"","overlay-type":"","overlay-color":"","overlay-opacity":"","overlay-gradient":""}},"footnotes":""},"class_list":["post-2363","page","type-page","status-publish","hentry"],"yoast_head":"<!-- This site is optimized with the Yoast SEO plugin v27.1.1 - https:\/\/yoast.com\/product\/yoast-seo-wordpress\/ -->\n<title>Tina Perisutti - Domenig Steinhaus<\/title>\n<meta name=\"description\" content=\"Find out more about Tina Perisutti\" \/>\n<meta name=\"robots\" content=\"index, follow, max-snippet:-1, max-image-preview:large, max-video-preview:-1\" \/>\n<link rel=\"canonical\" href=\"https:\/\/www.domenigsteinhaus.at\/en\/the-steinhaus\/profile\/tina-perisutti\/\" \/>\n<meta property=\"og:locale\" content=\"en_US\" \/>\n<meta property=\"og:type\" content=\"article\" \/>\n<meta property=\"og:title\" content=\"Tina Perisutti - Domenig Steinhaus\" \/>\n<meta property=\"og:description\" content=\"Find out more about Tina Perisutti\" \/>\n<meta property=\"og:url\" content=\"https:\/\/www.domenigsteinhaus.at\/en\/the-steinhaus\/profile\/tina-perisutti\/\" \/>\n<meta property=\"og:site_name\" content=\"Domenig Steinhaus\" \/>\n<meta property=\"article:publisher\" content=\"https:\/\/www.facebook.com\/domenigsteinhaus\" \/>\n<meta property=\"article:modified_time\" content=\"2024-02-16T10:10:12+00:00\" \/>\n<meta name=\"twitter:card\" content=\"summary_large_image\" \/>\n<meta name=\"twitter:label1\" content=\"Est. reading time\" \/>\n\t<meta name=\"twitter:data1\" content=\"1 minute\" \/>\n<script type=\"application\/ld+json\" class=\"yoast-schema-graph\">{\"@context\":\"https:\/\/schema.org\",\"@graph\":[{\"@type\":\"WebPage\",\"@id\":\"https:\/\/www.domenigsteinhaus.at\/en\/the-steinhaus\/profile\/tina-perisutti\/\",\"url\":\"https:\/\/www.domenigsteinhaus.at\/en\/the-steinhaus\/profile\/tina-perisutti\/\",\"name\":\"Tina Perisutti - Domenig Steinhaus\",\"isPartOf\":{\"@id\":\"https:\/\/www.domenigsteinhaus.at\/en\/#website\"},\"datePublished\":\"2023-05-14T19:28:32+00:00\",\"dateModified\":\"2024-02-16T10:10:12+00:00\",\"description\":\"Find out more about Tina Perisutti\",\"breadcrumb\":{\"@id\":\"https:\/\/www.domenigsteinhaus.at\/en\/the-steinhaus\/profile\/tina-perisutti\/#breadcrumb\"},\"inLanguage\":\"en-US\",\"potentialAction\":[{\"@type\":\"ReadAction\",\"target\":[\"https:\/\/www.domenigsteinhaus.at\/en\/the-steinhaus\/profile\/tina-perisutti\/\"]}]},{\"@type\":\"BreadcrumbList\",\"@id\":\"https:\/\/www.domenigsteinhaus.at\/en\/the-steinhaus\/profile\/tina-perisutti\/#breadcrumb\",\"itemListElement\":[{\"@type\":\"ListItem\",\"position\":1,\"name\":\"Startseite\",\"item\":\"https:\/\/www.domenigsteinhaus.at\/en\/\"},{\"@type\":\"ListItem\",\"position\":2,\"name\":\"Domenig Steinhaus\",\"item\":\"https:\/\/www.domenigsteinhaus.at\/en\/the-steinhaus\/\"},{\"@type\":\"ListItem\",\"position\":3,\"name\":\"Profile\",\"item\":\"https:\/\/www.domenigsteinhaus.at\/en\/the-steinhaus\/profile\/\"},{\"@type\":\"ListItem\",\"position\":4,\"name\":\"Tina Perisutti\"}]},{\"@type\":\"WebSite\",\"@id\":\"https:\/\/www.domenigsteinhaus.at\/en\/#website\",\"url\":\"https:\/\/www.domenigsteinhaus.at\/en\/\",\"name\":\"Domenig Steinhaus\",\"description\":\"\",\"publisher\":{\"@id\":\"https:\/\/www.domenigsteinhaus.at\/en\/#organization\"},\"potentialAction\":[{\"@type\":\"SearchAction\",\"target\":{\"@type\":\"EntryPoint\",\"urlTemplate\":\"https:\/\/www.domenigsteinhaus.at\/en\/?s={search_term_string}\"},\"query-input\":{\"@type\":\"PropertyValueSpecification\",\"valueRequired\":true,\"valueName\":\"search_term_string\"}}],\"inLanguage\":\"en-US\"},{\"@type\":\"Organization\",\"@id\":\"https:\/\/www.domenigsteinhaus.at\/en\/#organization\",\"name\":\"Domenig Steinhaus\",\"url\":\"https:\/\/www.domenigsteinhaus.at\/en\/\",\"logo\":{\"@type\":\"ImageObject\",\"inLanguage\":\"en-US\",\"@id\":\"https:\/\/www.domenigsteinhaus.at\/en\/#\/schema\/logo\/image\/\",\"url\":\"https:\/\/www.domenigsteinhaus.at\/wp-content\/uploads\/2021\/01\/domenig-steinhaus-logo.png\",\"contentUrl\":\"https:\/\/www.domenigsteinhaus.at\/wp-content\/uploads\/2021\/01\/domenig-steinhaus-logo.png\",\"width\":500,\"height\":86,\"caption\":\"Domenig Steinhaus\"},\"image\":{\"@id\":\"https:\/\/www.domenigsteinhaus.at\/en\/#\/schema\/logo\/image\/\"},\"sameAs\":[\"https:\/\/www.facebook.com\/domenigsteinhaus\",\"https:\/\/www.instagram.com\/domenigsteinhaus\/\"]}]}<\/script>\n<!-- \/ Yoast SEO plugin. -->","yoast_head_json":{"title":"Tina Perisutti - Domenig Steinhaus","description":"Find out more about Tina Perisutti","robots":{"index":"index","follow":"follow","max-snippet":"max-snippet:-1","max-image-preview":"max-image-preview:large","max-video-preview":"max-video-preview:-1"},"canonical":"https:\/\/www.domenigsteinhaus.at\/en\/the-steinhaus\/profile\/tina-perisutti\/","og_locale":"en_US","og_type":"article","og_title":"Tina Perisutti - Domenig Steinhaus","og_description":"Find out more about Tina Perisutti","og_url":"https:\/\/www.domenigsteinhaus.at\/en\/the-steinhaus\/profile\/tina-perisutti\/","og_site_name":"Domenig Steinhaus","article_publisher":"https:\/\/www.facebook.com\/domenigsteinhaus","article_modified_time":"2024-02-16T10:10:12+00:00","twitter_card":"summary_large_image","twitter_misc":{"Est. reading time":"1 minute"},"schema":{"@context":"https:\/\/schema.org","@graph":[{"@type":"WebPage","@id":"https:\/\/www.domenigsteinhaus.at\/en\/the-steinhaus\/profile\/tina-perisutti\/","url":"https:\/\/www.domenigsteinhaus.at\/en\/the-steinhaus\/profile\/tina-perisutti\/","name":"Tina Perisutti - Domenig Steinhaus","isPartOf":{"@id":"https:\/\/www.domenigsteinhaus.at\/en\/#website"},"datePublished":"2023-05-14T19:28:32+00:00","dateModified":"2024-02-16T10:10:12+00:00","description":"Find out more about Tina Perisutti","breadcrumb":{"@id":"https:\/\/www.domenigsteinhaus.at\/en\/the-steinhaus\/profile\/tina-perisutti\/#breadcrumb"},"inLanguage":"en-US","potentialAction":[{"@type":"ReadAction","target":["https:\/\/www.domenigsteinhaus.at\/en\/the-steinhaus\/profile\/tina-perisutti\/"]}]},{"@type":"BreadcrumbList","@id":"https:\/\/www.domenigsteinhaus.at\/en\/the-steinhaus\/profile\/tina-perisutti\/#breadcrumb","itemListElement":[{"@type":"ListItem","position":1,"name":"Startseite","item":"https:\/\/www.domenigsteinhaus.at\/en\/"},{"@type":"ListItem","position":2,"name":"Domenig Steinhaus","item":"https:\/\/www.domenigsteinhaus.at\/en\/the-steinhaus\/"},{"@type":"ListItem","position":3,"name":"Profile","item":"https:\/\/www.domenigsteinhaus.at\/en\/the-steinhaus\/profile\/"},{"@type":"ListItem","position":4,"name":"Tina Perisutti"}]},{"@type":"WebSite","@id":"https:\/\/www.domenigsteinhaus.at\/en\/#website","url":"https:\/\/www.domenigsteinhaus.at\/en\/","name":"Domenig Steinhaus","description":"","publisher":{"@id":"https:\/\/www.domenigsteinhaus.at\/en\/#organization"},"potentialAction":[{"@type":"SearchAction","target":{"@type":"EntryPoint","urlTemplate":"https:\/\/www.domenigsteinhaus.at\/en\/?s={search_term_string}"},"query-input":{"@type":"PropertyValueSpecification","valueRequired":true,"valueName":"search_term_string"}}],"inLanguage":"en-US"},{"@type":"Organization","@id":"https:\/\/www.domenigsteinhaus.at\/en\/#organization","name":"Domenig Steinhaus","url":"https:\/\/www.domenigsteinhaus.at\/en\/","logo":{"@type":"ImageObject","inLanguage":"en-US","@id":"https:\/\/www.domenigsteinhaus.at\/en\/#\/schema\/logo\/image\/","url":"https:\/\/www.domenigsteinhaus.at\/wp-content\/uploads\/2021\/01\/domenig-steinhaus-logo.png","contentUrl":"https:\/\/www.domenigsteinhaus.at\/wp-content\/uploads\/2021\/01\/domenig-steinhaus-logo.png","width":500,"height":86,"caption":"Domenig Steinhaus"},"image":{"@id":"https:\/\/www.domenigsteinhaus.at\/en\/#\/schema\/logo\/image\/"},"sameAs":["https:\/\/www.facebook.com\/domenigsteinhaus","https:\/\/www.instagram.com\/domenigsteinhaus\/"]}]}},"_links":{"self":[{"href":"https:\/\/www.domenigsteinhaus.at\/en\/wp-json\/wp\/v2\/pages\/2363","targetHints":{"allow":["GET"]}}],"collection":[{"href":"https:\/\/www.domenigsteinhaus.at\/en\/wp-json\/wp\/v2\/pages"}],"about":[{"href":"https:\/\/www.domenigsteinhaus.at\/en\/wp-json\/wp\/v2\/types\/page"}],"author":[{"embeddable":true,"href":"https:\/\/www.domenigsteinhaus.at\/en\/wp-json\/wp\/v2\/users\/1"}],"replies":[{"embeddable":true,"href":"https:\/\/www.domenigsteinhaus.at\/en\/wp-json\/wp\/v2\/comments?post=2363"}],"version-history":[{"count":1,"href":"https:\/\/www.domenigsteinhaus.at\/en\/wp-json\/wp\/v2\/pages\/2363\/revisions"}],"predecessor-version":[{"id":2574,"href":"https:\/\/www.domenigsteinhaus.at\/en\/wp-json\/wp\/v2\/pages\/2363\/revisions\/2574"}],"up":[{"embeddable":true,"href":"https:\/\/www.domenigsteinhaus.at\/en\/wp-json\/wp\/v2\/pages\/2313"}],"wp:attachment":[{"href":"https:\/\/www.domenigsteinhaus.at\/en\/wp-json\/wp\/v2\/media?parent=2363"}],"curies":[{"name":"wp","href":"https:\/\/api.w.org\/{rel}","templated":true}]}}