{"id":2362,"date":"2023-05-14T21:27:17","date_gmt":"2023-05-14T19:27:17","guid":{"rendered":"https:\/\/www.domenigsteinhaus.at\/the-steinhaus\/profile\/gordana-brandner-gruber\/"},"modified":"2024-02-16T11:10:07","modified_gmt":"2024-02-16T10:10:07","slug":"gordana-brandner-gruber","status":"publish","type":"page","link":"https:\/\/www.domenigsteinhaus.at\/en\/the-steinhaus\/profile\/gordana-brandner-gruber\/","title":{"rendered":"Gordana Brandner-Gruber"},"content":{"rendered":"\r\n<h1>\r\n\t\tGordana Brandner-Gruber\r\n\t<\/h1>\r\n\t<p><a href=\"mailto:brandner@domenigsteinhaus.at\">brandner@domenigsteinhaus.at<\/a><\/p>\r\n\t<p>Die in M\u00fcnchen geborene und in K\u00e4rnten aufgewachsene Architektin ist seit November 2020 organisatorische und k\u00fcnstlerische Leiterin im DOMENIG STEINHAUS. Die Leidenschaft der Baukulturvermittlung wurde nach einer Ausbildung an der Modeschule Hetzendorf in Wien im Architekturstudium an der Technischen Universit\u00e4t Wien entfacht, wo sie auch als Assistentin und Lehrbeauftragte am Institut f\u00fcr St\u00e4dtebau lehrte. In den 2000er Jahren gr\u00fcndete sie ihr Einfrauenb\u00fcro \u201estarke Orte&#8221; (<a href=\"http:\/\/www.starke-orte.at\" target=\"_blank\" rel=\"noopener\">www.starke-orte.at<\/a>), mit dem sie sich seitdem den vielseitigen Facetten des Sichtbarmachens und Gestaltens von Baukultur widmet. Es werden aktuelle Themen rund um das qualit\u00e4tsvolle Bauen aufgegriffen und mit unterschiedlichen Formaten wie Ausstellungen, Publikationen, Exkursionen und diversen Medien bearbeitet. \u00dcber mehrere Jahre co-kuratierte sie u.a. die Sendereihe AUFBAUEND im ORF K\u00e4rnten mit der Kammer f\u00fcr Ziviltechniker:innen und KALT UND WARM &#8211; Baukultur in Seen- und Thermenregionen im Alpen-Adria Raum.<\/p>\r\n<p>Die Fl\u00fcchtlingsbewegung 2015 motivierte sie, sich aktiv um Fl\u00fcchtlinge zu k\u00fcmmern und weiterzubilden. Dazu absolvierte sie den Universit\u00e4tslehrgang Inklusionsbegleiter*in f\u00fcr Flucht und Asyl an der Alpen-Adria-Universit\u00e4t Klagenfurt, war Lehrbeauftragte an der Fachhochschule K\u00e4rnten und initiierte Projekte rund um das Thema Leerstandsaktivierung und Asylwerbende.<\/p>\r\n<p>Sie ist in unterschiedlichen Initiativen und Vereinen rund um die Themen Stadtentwicklung, Baukultur und Inklusion engagiert.<\/p>\r\n\r\n","protected":false},"excerpt":{"rendered":"<p>Gordana Brandner-Gruber brandner@domenigsteinhaus.at Die in M\u00fcnchen geborene und in K\u00e4rnten aufgewachsene Architektin ist seit November 2020 organisatorische und k\u00fcnstlerische Leiterin im DOMENIG STEINHAUS. Die Leidenschaft der Baukulturvermittlung wurde nach einer [&hellip;]<\/p>\n","protected":false},"author":1,"featured_media":0,"parent":2313,"menu_order":0,"comment_status":"closed","ping_status":"closed","template":"","meta":{"site-sidebar-layout":"no-sidebar","site-content-layout":"page-builder","ast-site-content-layout":"default","site-content-style":"default","site-sidebar-style":"default","ast-global-header-display":"","ast-banner-title-visibility":"","ast-main-header-display":"","ast-hfb-above-header-display":"","ast-hfb-below-header-display":"","ast-hfb-mobile-header-display":"","site-post-title":"disabled","ast-breadcrumbs-content":"","ast-featured-img":"disabled","footer-sml-layout":"","ast-disable-related-posts":"","theme-transparent-header-meta":"default","adv-header-id-meta":"187","stick-header-meta":"default","header-above-stick-meta":"","header-main-stick-meta":"","header-below-stick-meta":"","astra-migrate-meta-layouts":"default","ast-page-background-enabled":"default","ast-page-background-meta":{"desktop":{"background-color":"","background-image":"","background-repeat":"repeat","background-position":"center center","background-size":"auto","background-attachment":"scroll","background-type":"","background-media":"","overlay-type":"","overlay-color":"","overlay-opacity":"","overlay-gradient":""},"tablet":{"background-color":"","background-image":"","background-repeat":"repeat","background-position":"center center","background-size":"auto","background-attachment":"scroll","background-type":"","background-media":"","overlay-type":"","overlay-color":"","overlay-opacity":"","overlay-gradient":""},"mobile":{"background-color":"","background-image":"","background-repeat":"repeat","background-position":"center center","background-size":"auto","background-attachment":"scroll","background-type":"","background-media":"","overlay-type":"","overlay-color":"","overlay-opacity":"","overlay-gradient":""}},"ast-content-background-meta":{"desktop":{"background-color":"var(--ast-global-color-5)","background-image":"","background-repeat":"repeat","background-position":"center center","background-size":"auto","background-attachment":"scroll","background-type":"","background-media":"","overlay-type":"","overlay-color":"","overlay-opacity":"","overlay-gradient":""},"tablet":{"background-color":"var(--ast-global-color-5)","background-image":"","background-repeat":"repeat","background-position":"center center","background-size":"auto","background-attachment":"scroll","background-type":"","background-media":"","overlay-type":"","overlay-color":"","overlay-opacity":"","overlay-gradient":""},"mobile":{"background-color":"var(--ast-global-color-5)","background-image":"","background-repeat":"repeat","background-position":"center center","background-size":"auto","background-attachment":"scroll","background-type":"","background-media":"","overlay-type":"","overlay-color":"","overlay-opacity":"","overlay-gradient":""}},"footnotes":""},"class_list":["post-2362","page","type-page","status-publish","hentry"],"yoast_head":"<!-- This site is optimized with the Yoast SEO plugin v27.1.1 - https:\/\/yoast.com\/product\/yoast-seo-wordpress\/ -->\n<title>Gordana Brandner-Gruber - Domenig Steinhaus<\/title>\n<meta name=\"description\" content=\"Find out more about Gordana Brandner-Gruber\" \/>\n<meta name=\"robots\" content=\"index, follow, max-snippet:-1, max-image-preview:large, max-video-preview:-1\" \/>\n<link rel=\"canonical\" href=\"https:\/\/www.domenigsteinhaus.at\/en\/the-steinhaus\/profile\/gordana-brandner-gruber\/\" \/>\n<meta property=\"og:locale\" content=\"en_US\" \/>\n<meta property=\"og:type\" content=\"article\" \/>\n<meta property=\"og:title\" content=\"Gordana Brandner-Gruber - Domenig Steinhaus\" \/>\n<meta property=\"og:description\" content=\"Find out more about Gordana Brandner-Gruber\" \/>\n<meta property=\"og:url\" content=\"https:\/\/www.domenigsteinhaus.at\/en\/the-steinhaus\/profile\/gordana-brandner-gruber\/\" \/>\n<meta property=\"og:site_name\" content=\"Domenig Steinhaus\" \/>\n<meta property=\"article:publisher\" content=\"https:\/\/www.facebook.com\/domenigsteinhaus\" \/>\n<meta property=\"article:modified_time\" content=\"2024-02-16T10:10:07+00:00\" \/>\n<meta name=\"twitter:card\" content=\"summary_large_image\" \/>\n<meta name=\"twitter:label1\" content=\"Est. reading time\" \/>\n\t<meta name=\"twitter:data1\" content=\"1 minute\" \/>\n<script type=\"application\/ld+json\" class=\"yoast-schema-graph\">{\"@context\":\"https:\/\/schema.org\",\"@graph\":[{\"@type\":\"WebPage\",\"@id\":\"https:\/\/www.domenigsteinhaus.at\/en\/the-steinhaus\/profile\/gordana-brandner-gruber\/\",\"url\":\"https:\/\/www.domenigsteinhaus.at\/en\/the-steinhaus\/profile\/gordana-brandner-gruber\/\",\"name\":\"Gordana Brandner-Gruber - Domenig Steinhaus\",\"isPartOf\":{\"@id\":\"https:\/\/www.domenigsteinhaus.at\/en\/#website\"},\"datePublished\":\"2023-05-14T19:27:17+00:00\",\"dateModified\":\"2024-02-16T10:10:07+00:00\",\"description\":\"Find out more about Gordana Brandner-Gruber\",\"breadcrumb\":{\"@id\":\"https:\/\/www.domenigsteinhaus.at\/en\/the-steinhaus\/profile\/gordana-brandner-gruber\/#breadcrumb\"},\"inLanguage\":\"en-US\",\"potentialAction\":[{\"@type\":\"ReadAction\",\"target\":[\"https:\/\/www.domenigsteinhaus.at\/en\/the-steinhaus\/profile\/gordana-brandner-gruber\/\"]}]},{\"@type\":\"BreadcrumbList\",\"@id\":\"https:\/\/www.domenigsteinhaus.at\/en\/the-steinhaus\/profile\/gordana-brandner-gruber\/#breadcrumb\",\"itemListElement\":[{\"@type\":\"ListItem\",\"position\":1,\"name\":\"Startseite\",\"item\":\"https:\/\/www.domenigsteinhaus.at\/en\/\"},{\"@type\":\"ListItem\",\"position\":2,\"name\":\"Domenig Steinhaus\",\"item\":\"https:\/\/www.domenigsteinhaus.at\/en\/the-steinhaus\/\"},{\"@type\":\"ListItem\",\"position\":3,\"name\":\"Profile\",\"item\":\"https:\/\/www.domenigsteinhaus.at\/en\/the-steinhaus\/profile\/\"},{\"@type\":\"ListItem\",\"position\":4,\"name\":\"Gordana Brandner-Gruber\"}]},{\"@type\":\"WebSite\",\"@id\":\"https:\/\/www.domenigsteinhaus.at\/en\/#website\",\"url\":\"https:\/\/www.domenigsteinhaus.at\/en\/\",\"name\":\"Domenig Steinhaus\",\"description\":\"\",\"publisher\":{\"@id\":\"https:\/\/www.domenigsteinhaus.at\/en\/#organization\"},\"potentialAction\":[{\"@type\":\"SearchAction\",\"target\":{\"@type\":\"EntryPoint\",\"urlTemplate\":\"https:\/\/www.domenigsteinhaus.at\/en\/?s={search_term_string}\"},\"query-input\":{\"@type\":\"PropertyValueSpecification\",\"valueRequired\":true,\"valueName\":\"search_term_string\"}}],\"inLanguage\":\"en-US\"},{\"@type\":\"Organization\",\"@id\":\"https:\/\/www.domenigsteinhaus.at\/en\/#organization\",\"name\":\"Domenig Steinhaus\",\"url\":\"https:\/\/www.domenigsteinhaus.at\/en\/\",\"logo\":{\"@type\":\"ImageObject\",\"inLanguage\":\"en-US\",\"@id\":\"https:\/\/www.domenigsteinhaus.at\/en\/#\/schema\/logo\/image\/\",\"url\":\"https:\/\/www.domenigsteinhaus.at\/wp-content\/uploads\/2021\/01\/domenig-steinhaus-logo.png\",\"contentUrl\":\"https:\/\/www.domenigsteinhaus.at\/wp-content\/uploads\/2021\/01\/domenig-steinhaus-logo.png\",\"width\":500,\"height\":86,\"caption\":\"Domenig Steinhaus\"},\"image\":{\"@id\":\"https:\/\/www.domenigsteinhaus.at\/en\/#\/schema\/logo\/image\/\"},\"sameAs\":[\"https:\/\/www.facebook.com\/domenigsteinhaus\",\"https:\/\/www.instagram.com\/domenigsteinhaus\/\"]}]}<\/script>\n<!-- \/ Yoast SEO plugin. -->","yoast_head_json":{"title":"Gordana Brandner-Gruber - Domenig Steinhaus","description":"Find out more about Gordana Brandner-Gruber","robots":{"index":"index","follow":"follow","max-snippet":"max-snippet:-1","max-image-preview":"max-image-preview:large","max-video-preview":"max-video-preview:-1"},"canonical":"https:\/\/www.domenigsteinhaus.at\/en\/the-steinhaus\/profile\/gordana-brandner-gruber\/","og_locale":"en_US","og_type":"article","og_title":"Gordana Brandner-Gruber - Domenig Steinhaus","og_description":"Find out more about Gordana Brandner-Gruber","og_url":"https:\/\/www.domenigsteinhaus.at\/en\/the-steinhaus\/profile\/gordana-brandner-gruber\/","og_site_name":"Domenig Steinhaus","article_publisher":"https:\/\/www.facebook.com\/domenigsteinhaus","article_modified_time":"2024-02-16T10:10:07+00:00","twitter_card":"summary_large_image","twitter_misc":{"Est. reading time":"1 minute"},"schema":{"@context":"https:\/\/schema.org","@graph":[{"@type":"WebPage","@id":"https:\/\/www.domenigsteinhaus.at\/en\/the-steinhaus\/profile\/gordana-brandner-gruber\/","url":"https:\/\/www.domenigsteinhaus.at\/en\/the-steinhaus\/profile\/gordana-brandner-gruber\/","name":"Gordana Brandner-Gruber - Domenig Steinhaus","isPartOf":{"@id":"https:\/\/www.domenigsteinhaus.at\/en\/#website"},"datePublished":"2023-05-14T19:27:17+00:00","dateModified":"2024-02-16T10:10:07+00:00","description":"Find out more about Gordana Brandner-Gruber","breadcrumb":{"@id":"https:\/\/www.domenigsteinhaus.at\/en\/the-steinhaus\/profile\/gordana-brandner-gruber\/#breadcrumb"},"inLanguage":"en-US","potentialAction":[{"@type":"ReadAction","target":["https:\/\/www.domenigsteinhaus.at\/en\/the-steinhaus\/profile\/gordana-brandner-gruber\/"]}]},{"@type":"BreadcrumbList","@id":"https:\/\/www.domenigsteinhaus.at\/en\/the-steinhaus\/profile\/gordana-brandner-gruber\/#breadcrumb","itemListElement":[{"@type":"ListItem","position":1,"name":"Startseite","item":"https:\/\/www.domenigsteinhaus.at\/en\/"},{"@type":"ListItem","position":2,"name":"Domenig Steinhaus","item":"https:\/\/www.domenigsteinhaus.at\/en\/the-steinhaus\/"},{"@type":"ListItem","position":3,"name":"Profile","item":"https:\/\/www.domenigsteinhaus.at\/en\/the-steinhaus\/profile\/"},{"@type":"ListItem","position":4,"name":"Gordana Brandner-Gruber"}]},{"@type":"WebSite","@id":"https:\/\/www.domenigsteinhaus.at\/en\/#website","url":"https:\/\/www.domenigsteinhaus.at\/en\/","name":"Domenig Steinhaus","description":"","publisher":{"@id":"https:\/\/www.domenigsteinhaus.at\/en\/#organization"},"potentialAction":[{"@type":"SearchAction","target":{"@type":"EntryPoint","urlTemplate":"https:\/\/www.domenigsteinhaus.at\/en\/?s={search_term_string}"},"query-input":{"@type":"PropertyValueSpecification","valueRequired":true,"valueName":"search_term_string"}}],"inLanguage":"en-US"},{"@type":"Organization","@id":"https:\/\/www.domenigsteinhaus.at\/en\/#organization","name":"Domenig Steinhaus","url":"https:\/\/www.domenigsteinhaus.at\/en\/","logo":{"@type":"ImageObject","inLanguage":"en-US","@id":"https:\/\/www.domenigsteinhaus.at\/en\/#\/schema\/logo\/image\/","url":"https:\/\/www.domenigsteinhaus.at\/wp-content\/uploads\/2021\/01\/domenig-steinhaus-logo.png","contentUrl":"https:\/\/www.domenigsteinhaus.at\/wp-content\/uploads\/2021\/01\/domenig-steinhaus-logo.png","width":500,"height":86,"caption":"Domenig Steinhaus"},"image":{"@id":"https:\/\/www.domenigsteinhaus.at\/en\/#\/schema\/logo\/image\/"},"sameAs":["https:\/\/www.facebook.com\/domenigsteinhaus","https:\/\/www.instagram.com\/domenigsteinhaus\/"]}]}},"_links":{"self":[{"href":"https:\/\/www.domenigsteinhaus.at\/en\/wp-json\/wp\/v2\/pages\/2362","targetHints":{"allow":["GET"]}}],"collection":[{"href":"https:\/\/www.domenigsteinhaus.at\/en\/wp-json\/wp\/v2\/pages"}],"about":[{"href":"https:\/\/www.domenigsteinhaus.at\/en\/wp-json\/wp\/v2\/types\/page"}],"author":[{"embeddable":true,"href":"https:\/\/www.domenigsteinhaus.at\/en\/wp-json\/wp\/v2\/users\/1"}],"replies":[{"embeddable":true,"href":"https:\/\/www.domenigsteinhaus.at\/en\/wp-json\/wp\/v2\/comments?post=2362"}],"version-history":[{"count":1,"href":"https:\/\/www.domenigsteinhaus.at\/en\/wp-json\/wp\/v2\/pages\/2362\/revisions"}],"predecessor-version":[{"id":2573,"href":"https:\/\/www.domenigsteinhaus.at\/en\/wp-json\/wp\/v2\/pages\/2362\/revisions\/2573"}],"up":[{"embeddable":true,"href":"https:\/\/www.domenigsteinhaus.at\/en\/wp-json\/wp\/v2\/pages\/2313"}],"wp:attachment":[{"href":"https:\/\/www.domenigsteinhaus.at\/en\/wp-json\/wp\/v2\/media?parent=2362"}],"curies":[{"name":"wp","href":"https:\/\/api.w.org\/{rel}","templated":true}]}}